{"id":1028,"date":"2025-03-21T17:38:56","date_gmt":"2025-03-21T20:38:56","guid":{"rendered":"https:\/\/thaisbasembastos.com\/site\/?page_id=1028"},"modified":"2025-03-21T17:38:56","modified_gmt":"2025-03-21T20:38:56","slug":"https-meta-wikimedia-org-wiki-userthaisbasem","status":"publish","type":"page","link":"https:\/\/thaisbasembastos.com\/site\/ebooks\/thais-basem-bastos\/https-meta-wikimedia-org-wiki-userthaisbasem\/","title":{"rendered":"https:\/\/meta.wikimedia.org\/wiki\/User:Thaisbasem"},"content":{"rendered":"\n<p>Como parte do meu compromisso com o conhecimento aberto e a colabora\u00e7\u00e3o global, contribuo com projetos estrat\u00e9gicos na Wikimedia Foundation.<\/p>\n\n\n\n<p>Voc\u00ea pode acessar minha p\u00e1gina oficial no Meta-Wiki aqui:<br>\ud83d\udc49 <a href=\"https:\/\/meta.wikimedia.org\/wiki\/User:Thaisbasem\">https:\/\/meta.wikimedia.org\/wiki\/User:Thaisbasem<\/a><\/p>\n\n\n\n<p>Nessa p\u00e1gina, compartilho parte do meu hist\u00f3rico de colabora\u00e7\u00e3o, envolvimento com intelig\u00eancia artificial, educa\u00e7\u00e3o e inova\u00e7\u00e3o digital.<\/p>\n\n\n\n<p><\/p>\n","protected":false},"excerpt":{"rendered":"<p>Como parte do meu compromisso com o conhecimento aberto e a colabora\u00e7\u00e3o global, contribuo com projetos estrat\u00e9gicos na Wikimedia Foundation. Voc\u00ea pode acessar minha p\u00e1gina oficial no Meta-Wiki aqui:\ud83d\udc49 https:\/\/meta.wikimedia.org\/wiki\/User:Thaisbasem Nessa p\u00e1gina, compartilho parte do meu hist\u00f3rico de colabora\u00e7\u00e3o, envolvimento com intelig\u00eancia artificial, educa\u00e7\u00e3o e inova\u00e7\u00e3o digital.<\/p>\n","protected":false},"author":1,"featured_media":0,"parent":1025,"menu_order":11,"comment_status":"closed","ping_status":"closed","template":"","meta":{"om_disable_all_campaigns":false,"_uag_custom_page_level_css":"","site-sidebar-layout":"default","site-content-layout":"","ast-site-content-layout":"default","site-content-style":"default","site-sidebar-style":"default","ast-global-header-display":"","ast-banner-title-visibility":"","ast-main-header-display":"","ast-hfb-above-header-display":"","ast-hfb-below-header-display":"","ast-hfb-mobile-header-display":"","site-post-title":"","ast-breadcrumbs-content":"","ast-featured-img":"","footer-sml-layout":"","theme-transparent-header-meta":"","adv-header-id-meta":"","stick-header-meta":"","header-above-stick-meta":"","header-main-stick-meta":"","header-below-stick-meta":"","astra-migrate-meta-layouts":"set","ast-page-background-enabled":"default","ast-page-background-meta":{"desktop":{"background-color":"","background-image":"","background-repeat":"repeat","background-position":"center center","background-size":"auto","background-attachment":"scroll","background-type":"","background-media":"","overlay-type":"","overlay-color":"","overlay-opacity":"","overlay-gradient":""},"tablet":{"background-color":"","background-image":"","background-repeat":"repeat","background-position":"center center","background-size":"auto","background-attachment":"scroll","background-type":"","background-media":"","overlay-type":"","overlay-color":"","overlay-opacity":"","overlay-gradient":""},"mobile":{"background-color":"","background-image":"","background-repeat":"repeat","background-position":"center center","background-size":"auto","background-attachment":"scroll","background-type":"","background-media":"","overlay-type":"","overlay-color":"","overlay-opacity":"","overlay-gradient":""}},"ast-content-background-meta":{"desktop":{"background-color":"var(--ast-global-color-5)","background-image":"","background-repeat":"repeat","background-position":"center center","background-size":"auto","background-attachment":"scroll","background-type":"","background-media":"","overlay-type":"","overlay-color":"","overlay-opacity":"","overlay-gradient":""},"tablet":{"background-color":"var(--ast-global-color-5)","background-image":"","background-repeat":"repeat","background-position":"center center","background-size":"auto","background-attachment":"scroll","background-type":"","background-media":"","overlay-type":"","overlay-color":"","overlay-opacity":"","overlay-gradient":""},"mobile":{"background-color":"var(--ast-global-color-5)","background-image":"","background-repeat":"repeat","background-position":"center center","background-size":"auto","background-attachment":"scroll","background-type":"","background-media":"","overlay-type":"","overlay-color":"","overlay-opacity":"","overlay-gradient":""}},"footnotes":""},"class_list":["post-1028","page","type-page","status-publish","hentry"],"uagb_featured_image_src":{"full":false,"thumbnail":false,"medium":false,"medium_large":false,"large":false,"1536x1536":false,"2048x2048":false},"uagb_author_info":{"display_name":"thaisbasem@gmail.com","author_link":"https:\/\/thaisbasembastos.com\/site\/author\/thaisbasemgmail-com\/"},"uagb_comment_info":0,"uagb_excerpt":"Como parte do meu compromisso com o conhecimento aberto e a colabora\u00e7\u00e3o global, contribuo com projetos estrat\u00e9gicos na Wikimedia Foundation. Voc\u00ea pode acessar minha p\u00e1gina oficial no Meta-Wiki aqui:\ud83d\udc49 https:\/\/meta.wikimedia.org\/wiki\/User:Thaisbasem Nessa p\u00e1gina, compartilho parte do meu hist\u00f3rico de colabora\u00e7\u00e3o, envolvimento com intelig\u00eancia artificial, educa\u00e7\u00e3o e inova\u00e7\u00e3o digital.","_links":{"self":[{"href":"https:\/\/thaisbasembastos.com\/site\/wp-json\/wp\/v2\/pages\/1028"}],"collection":[{"href":"https:\/\/thaisbasembastos.com\/site\/wp-json\/wp\/v2\/pages"}],"about":[{"href":"https:\/\/thaisbasembastos.com\/site\/wp-json\/wp\/v2\/types\/page"}],"author":[{"embeddable":true,"href":"https:\/\/thaisbasembastos.com\/site\/wp-json\/wp\/v2\/users\/1"}],"replies":[{"embeddable":true,"href":"https:\/\/thaisbasembastos.com\/site\/wp-json\/wp\/v2\/comments?post=1028"}],"version-history":[{"count":1,"href":"https:\/\/thaisbasembastos.com\/site\/wp-json\/wp\/v2\/pages\/1028\/revisions"}],"predecessor-version":[{"id":1029,"href":"https:\/\/thaisbasembastos.com\/site\/wp-json\/wp\/v2\/pages\/1028\/revisions\/1029"}],"up":[{"embeddable":true,"href":"https:\/\/thaisbasembastos.com\/site\/wp-json\/wp\/v2\/pages\/1025"}],"wp:attachment":[{"href":"https:\/\/thaisbasembastos.com\/site\/wp-json\/wp\/v2\/media?parent=1028"}],"curies":[{"name":"wp","href":"https:\/\/api.w.org\/{rel}","templated":true}]}}