{"id":813,"date":"2024-07-23T13:10:05","date_gmt":"2024-07-23T13:10:05","guid":{"rendered":"https:\/\/thaisbasembastos.com\/?page_id=813"},"modified":"2025-06-09T11:50:29","modified_gmt":"2025-06-09T14:50:29","slug":"calculadoras-empreendedorismo-2024","status":"publish","type":"page","link":"https:\/\/thaisbasembastos.com\/site\/home\/calculadoras-empreendedorismo-2024\/","title":{"rendered":"Calculadoras de Pre\u00e7o"},"content":{"rendered":"\n<div class=\"wp-block-uagb-container uagb-block-01f4aebd alignfull uagb-is-root-container\"><div class=\"uagb-container-inner-blocks-wrap\">\n<div class=\"wp-block-uagb-container uagb-block-d5d058c8\">\n<h2 class=\"wp-block-heading has-text-align-center has-x-large-font-size\">Quer calcular pre\u00e7o de um produto?<\/h2>\n\n\n\n<div class=\"wp-block-uagb-buttons uagb-buttons__outer-wrap uagb-btn__default-btn uagb-btn-tablet__default-btn uagb-btn-mobile__default-btn uagb-block-f632fc8c\"><div class=\"uagb-buttons__wrap uagb-buttons-layout-wrap \">\n<div class=\"wp-block-uagb-buttons-child uagb-buttons__outer-wrap uagb-block-97da92c7 wp-block-button\"><div class=\"uagb-button__wrapper\"><a class=\"uagb-buttons-repeater wp-block-button__link\" aria-label=\"\" href=\"https:\/\/www.thaisbasembastos.com\/IA\/Efficax\/calculaprice.html\" rel=\"follow noopener\" target=\"_self\" role=\"button\"><div class=\"uagb-button__link\">Calcular pre\u00e7o de Produtos<\/div><\/a><\/div><\/div>\n<\/div><\/div>\n<\/div>\n\n\n\n<div class=\"wp-block-uagb-container uagb-block-666293de\">\n<h2 class=\"wp-block-heading has-text-align-center\">Quer calcular o pre\u00e7o de um servi\u00e7o?<\/h2>\n\n\n\n<div class=\"wp-block-uagb-buttons uagb-buttons__outer-wrap uagb-btn__default-btn uagb-btn-tablet__default-btn uagb-btn-mobile__default-btn uagb-block-e4111201\"><div class=\"uagb-buttons__wrap uagb-buttons-layout-wrap \">\n<div class=\"wp-block-uagb-buttons-child uagb-buttons__outer-wrap uagb-block-c6f96464 wp-block-button\"><div class=\"uagb-button__wrapper\"><a class=\"uagb-buttons-repeater wp-block-button__link\" aria-label=\"\" href=\"https:\/\/www.thaisbasembastos.com\/IA\/Efficax\/serviceprice.html\" rel=\"follow noopener\" target=\"_self\" role=\"button\"><div class=\"uagb-button__link\">Calcular o pre\u00e7o de um servi\u00e7o<\/div><\/a><\/div><\/div>\n<\/div><\/div>\n<\/div>\n<\/div><\/div>\n\n\n\n<p class=\"has-text-align-center\"><strong>Visualiza\u00e7\u00e3o no computador com informa\u00e7\u00f5es adicionais em cada campo ao passar o mouse. Visualiza\u00e7\u00e3o no celular simplificada.<\/strong><\/p>\n\n\n\n<div class=\"wp-block-uagb-info-box uagb-block-f533354a uagb-infobox__content-wrap  uagb-infobox-icon-above-title uagb-infobox-image-valign-top\"><div class=\"uagb-ifb-content\"><div class=\"uagb-ifb-icon-wrap\"><svg xmlns=\"https:\/\/www.w3.org\/2000\/svg\" viewBox=\"0 0 512 512\"><path d=\"M0 256C0 114.6 114.6 0 256 0C397.4 0 512 114.6 512 256C512 397.4 397.4 512 256 512C114.6 512 0 397.4 0 256zM371.8 211.8C382.7 200.9 382.7 183.1 371.8 172.2C360.9 161.3 343.1 161.3 332.2 172.2L224 280.4L179.8 236.2C168.9 225.3 151.1 225.3 140.2 236.2C129.3 247.1 129.3 264.9 140.2 275.8L204.2 339.8C215.1 350.7 232.9 350.7 243.8 339.8L371.8 211.8z\"><\/path><\/svg><\/div><div class=\"uagb-ifb-title-wrap\"><h3 class=\"uagb-ifb-title\">Informa\u00e7\u00f5es<\/h3><\/div><p class=\"uagb-ifb-desc\">Os dados coletados por nossas calculadoras n\u00e3o s\u00e3o armazenados em nenhum banco de dados. <\/p><\/div><\/div>\n","protected":false},"excerpt":{"rendered":"<p>Quer calcular pre\u00e7o de um produto? Quer calcular o pre\u00e7o de um servi\u00e7o? Visualiza\u00e7\u00e3o no computador com informa\u00e7\u00f5es adicionais em cada campo ao passar o mouse. Visualiza\u00e7\u00e3o no celular simplificada.<\/p>\n","protected":false},"author":1,"featured_media":0,"parent":135,"menu_order":0,"comment_status":"closed","ping_status":"closed","template":"","meta":{"om_disable_all_campaigns":false,"_uag_custom_page_level_css":"","site-sidebar-layout":"default","site-content-layout":"","ast-site-content-layout":"default","site-content-style":"default","site-sidebar-style":"default","ast-global-header-display":"","ast-banner-title-visibility":"","ast-main-header-display":"","ast-hfb-above-header-display":"","ast-hfb-below-header-display":"","ast-hfb-mobile-header-display":"","site-post-title":"","ast-breadcrumbs-content":"","ast-featured-img":"","footer-sml-layout":"","theme-transparent-header-meta":"","adv-header-id-meta":"","stick-header-meta":"","header-above-stick-meta":"","header-main-stick-meta":"","header-below-stick-meta":"","astra-migrate-meta-layouts":"set","ast-page-background-enabled":"default","ast-page-background-meta":{"desktop":{"background-color":"","background-image":"","background-repeat":"repeat","background-position":"center center","background-size":"auto","background-attachment":"scroll","background-type":"","background-media":"","overlay-type":"","overlay-color":"","overlay-opacity":"","overlay-gradient":""},"tablet":{"background-color":"","background-image":"","background-repeat":"repeat","background-position":"center center","background-size":"auto","background-attachment":"scroll","background-type":"","background-media":"","overlay-type":"","overlay-color":"","overlay-opacity":"","overlay-gradient":""},"mobile":{"background-color":"","background-image":"","background-repeat":"repeat","background-position":"center center","background-size":"auto","background-attachment":"scroll","background-type":"","background-media":"","overlay-type":"","overlay-color":"","overlay-opacity":"","overlay-gradient":""}},"ast-content-background-meta":{"desktop":{"background-color":"var(--ast-global-color-5)","background-image":"","background-repeat":"repeat","background-position":"center center","background-size":"auto","background-attachment":"scroll","background-type":"","background-media":"","overlay-type":"","overlay-color":"","overlay-opacity":"","overlay-gradient":""},"tablet":{"background-color":"var(--ast-global-color-5)","background-image":"","background-repeat":"repeat","background-position":"center center","background-size":"auto","background-attachment":"scroll","background-type":"","background-media":"","overlay-type":"","overlay-color":"","overlay-opacity":"","overlay-gradient":""},"mobile":{"background-color":"var(--ast-global-color-5)","background-image":"","background-repeat":"repeat","background-position":"center center","background-size":"auto","background-attachment":"scroll","background-type":"","background-media":"","overlay-type":"","overlay-color":"","overlay-opacity":"","overlay-gradient":""}},"footnotes":""},"class_list":["post-813","page","type-page","status-publish","hentry"],"uagb_featured_image_src":{"full":false,"thumbnail":false,"medium":false,"medium_large":false,"large":false,"1536x1536":false,"2048x2048":false},"uagb_author_info":{"display_name":"thaisbasem@gmail.com","author_link":"https:\/\/thaisbasembastos.com\/site\/author\/thaisbasemgmail-com\/"},"uagb_comment_info":0,"uagb_excerpt":"Quer calcular pre\u00e7o de um produto? Quer calcular o pre\u00e7o de um servi\u00e7o? Visualiza\u00e7\u00e3o no computador com informa\u00e7\u00f5es adicionais em cada campo ao passar o mouse. Visualiza\u00e7\u00e3o no celular simplificada.","_links":{"self":[{"href":"https:\/\/thaisbasembastos.com\/site\/wp-json\/wp\/v2\/pages\/813"}],"collection":[{"href":"https:\/\/thaisbasembastos.com\/site\/wp-json\/wp\/v2\/pages"}],"about":[{"href":"https:\/\/thaisbasembastos.com\/site\/wp-json\/wp\/v2\/types\/page"}],"author":[{"embeddable":true,"href":"https:\/\/thaisbasembastos.com\/site\/wp-json\/wp\/v2\/users\/1"}],"replies":[{"embeddable":true,"href":"https:\/\/thaisbasembastos.com\/site\/wp-json\/wp\/v2\/comments?post=813"}],"version-history":[{"count":5,"href":"https:\/\/thaisbasembastos.com\/site\/wp-json\/wp\/v2\/pages\/813\/revisions"}],"predecessor-version":[{"id":1042,"href":"https:\/\/thaisbasembastos.com\/site\/wp-json\/wp\/v2\/pages\/813\/revisions\/1042"}],"up":[{"embeddable":true,"href":"https:\/\/thaisbasembastos.com\/site\/wp-json\/wp\/v2\/pages\/135"}],"wp:attachment":[{"href":"https:\/\/thaisbasembastos.com\/site\/wp-json\/wp\/v2\/media?parent=813"}],"curies":[{"name":"wp","href":"https:\/\/api.w.org\/{rel}","templated":true}]}}